{"id":2843,"date":"2024-11-07T07:36:12","date_gmt":"2024-11-07T07:36:12","guid":{"rendered":"https:\/\/edenhuehotel.com\/?page_id=2843"},"modified":"2024-11-14T08:14:32","modified_gmt":"2024-11-14T08:14:32","slug":"reservation","status":"publish","type":"page","link":"https:\/\/edenhuehotel.com\/vi\/reservation\/","title":{"rendered":"\u0110\u1eb7t ch\u1ed7"},"content":{"rendered":"<div data-elementor-type=\"wp-page\" data-elementor-id=\"2843\" class=\"elementor elementor-2843\" data-elementor-post-type=\"page\">\n\t\t\t\t<div class=\"elementor-element elementor-element-3a65d03 e-flex e-con-boxed e-con e-parent\" data-id=\"3a65d03\" data-element_type=\"container\" data-settings=\"{&quot;jet_parallax_layout_list&quot;:[]}\">\n\t\t\t\t\t<div class=\"e-con-inner\">\n\t\t\t\t<div class=\"elementor-element elementor-element-47a1e11 elementor-widget elementor-widget-html\" data-id=\"47a1e11\" data-element_type=\"widget\" data-widget_type=\"html.default\">\n\t\t\t\t<div class=\"elementor-widget-container\">\n\t\t\t<script>\n\/\n\n\/\/ H\u00e0m th\u00eam m\u00e3 khuy\u1ebfn m\u00e3i v\u00e0o URL v\u00e0 chuy\u1ec3n h\u01b0\u1edbng n\u1ebfu c\u1ea7n\nfunction addPromotionCodeOnce(targetURL, promoCode = \"DIRECT\", linkRef = \"promotion\") {\n    \/\/ L\u1ea5y URL hi\u1ec7n t\u1ea1i\n    const currentURL = new URL(window.location.href);\n    const currentParams = currentURL.searchParams;\n\n    \/\/ Ki\u1ec3m tra n\u1ebfu URL \u0111\u00e3 c\u00f3 \u0111\u00fang m\u00e3 khuy\u1ebfn m\u00e3i\n    if (currentParams.get(\"promocode\") === promoCode && currentParams.get(\"linkref\") === linkRef) {\n        console.log(\"URL \u0111\u00e3 ch\u1ee9a m\u00e3 khuy\u1ebfn m\u00e3i, kh\u00f4ng c\u1ea7n chuy\u1ec3n h\u01b0\u1edbng.\");\n        return; \/\/ Kh\u00f4ng c\u1ea7n chuy\u1ec3n h\u01b0\u1edbng\n    }\n\n    \/\/ T\u1ea1o URL m\u1edbi v\u1edbi m\u00e3 khuy\u1ebfn m\u00e3i\n    const newURL = new URL(targetURL);\n    newURL.searchParams.set(\"promocode\", promoCode);\n    newURL.searchParams.set(\"linkref\", linkRef);\n\n    \/\/ Ch\u1ec9 chuy\u1ec3n h\u01b0\u1edbng n\u1ebfu URL m\u1edbi kh\u00e1c v\u1edbi URL hi\u1ec7n t\u1ea1i\n    if (newURL.href !== currentURL.href) {\n        console.log(\"Chuy\u1ec3n h\u01b0\u1edbng \u0111\u1ebfn URL m\u1edbi:\", newURL.href);\n        window.location.replace(newURL.href); \/\/ Thay th\u1ebf URL hi\u1ec7n t\u1ea1i, kh\u00f4ng l\u01b0u v\u00e0o l\u1ecbch s\u1eed\n    }\n}\n\n\/\/ G\u1ecdi h\u00e0m khi trang \u0111\u01b0\u1ee3c t\u1ea3i\nwindow.onload = function () {\n    const targetURL = \"https:\/\/edenhuehotel.com\/reservation\/\";\n    addPromotionCodeOnce(targetURL, \"DIRECT\", \"promotion\");\n};\n<\/script>\t\t<\/div>\n\t\t\t\t<\/div>\n\t\t\t\t\t<\/div>\n\t\t\t\t<\/div>\n\t\t<div class=\"elementor-element elementor-element-95e8a26 e-flex e-con-boxed e-con e-parent\" data-id=\"95e8a26\" data-element_type=\"container\" data-settings=\"{&quot;jet_parallax_layout_list&quot;:[]}\">\n\t\t\t\t\t<div class=\"e-con-inner\">\n\t\t\t\t<div class=\"elementor-element elementor-element-7777f0a elementor-widget elementor-widget-html\" data-id=\"7777f0a\" data-element_type=\"widget\" data-widget_type=\"html.default\">\n\t\t\t\t<div class=\"elementor-widget-container\">\n\t\t\t<div class=\"hbe-bws\"> <section id=\"hbe-bws-page\"><div id=\"hbe-bws-wrapper\"> <\/div><\/section><\/div><link type=\"text\/css\" rel=\"stylesheet\" href=\"\/\/book.securebookings.net\/css\/app.css\" \/><script type=\"text\/javascript\" src=\"\/\/book.securebookings.net\/js\/widget.all.js\"><\/script><script type=\"text\/javascript\" src=\"\/\/book.securebookings.net\/widgetCustomize?lang=en&widgetType=Widget&id=b14a36d1-c982-1730606174-415e-88bf-d76b92352ca0&ajax=true\"><\/script>\t\t<\/div>\n\t\t\t\t<\/div>\n\t\t\t\t\t<\/div>\n\t\t\t\t<\/div>\n\t\t\t\t<\/div>","protected":false},"excerpt":{"rendered":"","protected":false},"author":1,"featured_media":0,"parent":0,"menu_order":0,"comment_status":"closed","ping_status":"closed","template":"","meta":{"footnotes":""},"class_list":["post-2843","page","type-page","status-publish","hentry"],"_links":{"self":[{"href":"https:\/\/edenhuehotel.com\/vi\/wp-json\/wp\/v2\/pages\/2843","targetHints":{"allow":["GET"]}}],"collection":[{"href":"https:\/\/edenhuehotel.com\/vi\/wp-json\/wp\/v2\/pages"}],"about":[{"href":"https:\/\/edenhuehotel.com\/vi\/wp-json\/wp\/v2\/types\/page"}],"author":[{"embeddable":true,"href":"https:\/\/edenhuehotel.com\/vi\/wp-json\/wp\/v2\/users\/1"}],"replies":[{"embeddable":true,"href":"https:\/\/edenhuehotel.com\/vi\/wp-json\/wp\/v2\/comments?post=2843"}],"version-history":[{"count":16,"href":"https:\/\/edenhuehotel.com\/vi\/wp-json\/wp\/v2\/pages\/2843\/revisions"}],"predecessor-version":[{"id":3110,"href":"https:\/\/edenhuehotel.com\/vi\/wp-json\/wp\/v2\/pages\/2843\/revisions\/3110"}],"wp:attachment":[{"href":"https:\/\/edenhuehotel.com\/vi\/wp-json\/wp\/v2\/media?parent=2843"}],"curies":[{"name":"wp","href":"https:\/\/api.w.org\/{rel}","templated":true}]}}