{"id":2220,"date":"2024-10-26T05:08:44","date_gmt":"2024-10-26T05:08:44","guid":{"rendered":"https:\/\/edenhuehotel.com\/?page_id=2220"},"modified":"2025-03-26T08:33:50","modified_gmt":"2025-03-26T08:33:50","slug":"transportations","status":"publish","type":"page","link":"https:\/\/edenhuehotel.com\/vi\/transportations\/","title":{"rendered":"D\u1ecbch v\u1ee5 di chuy\u1ec3n"},"content":{"rendered":"<div data-elementor-type=\"wp-page\" data-elementor-id=\"2220\" class=\"elementor elementor-2220\" data-elementor-post-type=\"page\">\n\t\t\t\t<div class=\"elementor-element elementor-element-ccc41c4 e-flex e-con-boxed e-con e-parent\" data-id=\"ccc41c4\" data-element_type=\"container\" data-settings=\"{&quot;background_background&quot;:&quot;classic&quot;,&quot;jet_parallax_layout_list&quot;:[]}\">\n\t\t\t\t\t<div class=\"e-con-inner\">\n\t\t\t\t<div class=\"elementor-element elementor-element-2534a24 elementor-widget elementor-widget-heading\" data-id=\"2534a24\" data-element_type=\"widget\" data-widget_type=\"heading.default\">\n\t\t\t\t<div class=\"elementor-widget-container\">\n\t\t\t<h2 class=\"elementor-heading-title elementor-size-default\">Kh\u00e1ch s\u1ea1n Eden Hu\u1ebf<\/h2>\t\t<\/div>\n\t\t\t\t<\/div>\n\t\t\t\t<div class=\"elementor-element elementor-element-8725d6e elementor-widget elementor-widget-heading\" data-id=\"8725d6e\" data-element_type=\"widget\" data-widget_type=\"heading.default\">\n\t\t\t\t<div class=\"elementor-widget-container\">\n\t\t\t<h2 class=\"elementor-heading-title elementor-size-default\">Di chuy\u1ec3n<\/h2>\t\t<\/div>\n\t\t\t\t<\/div>\n\t\t\t\t<div class=\"elementor-element elementor-element-c0696bc elementor-widget elementor-widget-spacer\" data-id=\"c0696bc\" data-element_type=\"widget\" data-widget_type=\"spacer.default\">\n\t\t\t\t<div class=\"elementor-widget-container\">\n\t\t\t\t\t<div class=\"elementor-spacer\">\n\t\t\t<div class=\"elementor-spacer-inner\"><\/div>\n\t\t<\/div>\n\t\t\t\t<\/div>\n\t\t\t\t<\/div>\n\t\t\t\t<div class=\"elementor-element elementor-element-a0b9adf elementor-widget elementor-widget-html\" data-id=\"a0b9adf\" data-element_type=\"widget\" data-widget_type=\"html.default\">\n\t\t\t\t<div class=\"elementor-widget-container\">\n\t\t\t<!DOCTYPE html>\n<html>\n<head>\n  <link rel=\"stylesheet\" href=\"styles.css\">\n  \n      <style>\n      * {\n\tbox-sizing: border-box;\n\tmargin: 0;\n\tpadding: 0;\n}\n\nhtml, body {\n\twidth: 100%;\n\theight: 100%;\n}\n\n.container {\n\twidth: 100%;\n\theight: 100%;\n\tdisplay: flex;\n\talign-items: center;\n\tjustify-content: center;\n}\n\n.field {\n\tdisplay: flex;\n\talign-items: center;\n\tjustify-content: space-around;\n\twidth: 50px;\n}\n\n.mouse {\n\twidth: 30px;\n\theight: 60px;\n\tborder: 2px solid #fff;\n\tborder-radius: 60px;\n\tposition: relative;\n\t&::before {\n\t\tcontent: '';\n\t\twidth: 8px;\n\t\theight: 8px;\n\t\tposition: absolute;\n\t\ttop: 10px;\n\t\tleft: 50%;\n\t\ttransform: translateX(-50%);\n\t\tbackground-color: #fff;\n\t\tborder-radius: 50%;\n\t\topacity: 1;\n\t\tanimation: wheel 2s infinite;\n\t\t-webkit-animation: wheel 2s infinite;\n\t}\n}\n\n@keyframes wheel {\n\tto {\n\t\topacity: 0;\n\t\ttop: 60px;\n\t}\n}\n\n@-webkit-keyframes wheel {\n\tto {\n\t\topacity: 0;\n\t\ttop: 60px;\n\t}\n}\n\n.scroll {\n\twidth: 60px;\n\theight: 60px;\n\tborder: 2px solid #333;\n\tborder-radius: 50%;\n\tposition: relative;\n\tanimation: down 1.5s infinite;\n\t-webkit-animation: down 1.5s infinite;\n\t&::before {\n\t\tcontent: '';\n\t\tposition: absolute;\n\t\ttop: 15px;\n\t\tleft: 18px;\n\t\twidth: 18px;\n\t\theight: 18px;\n\t\tborder-left: 2px solid #333;\n  \tborder-bottom: 2px solid #333;\n\t\ttransform: rotate(-45deg);\n\t}\n}\n\n@keyframes down {\n\t0% {\n\t\ttransform: translate(0);\n\t}\n\t20% {\n\t\ttransform: translateY(15px);\n\t}\n\t40% {\n\t\ttransform: translate(0);\n\t}\n}\n\n@-webkit-keyframes down {\n\t0% {\n\t\ttransform: translate(0);\n\t}\n\t20% {\n\t\ttransform: translateY(15px);\n\t}\n\t40% {\n\t\ttransform: translate(0);\n\t}\n}\n\n.arrow {\n\twidth: 0;\n\theight: 40px;\n\tborder: 1px solid #333;\n\tposition: relative;\n\tanimation: scroll 1.5s infinite;\n\t-webkit-animation: scroll 1.5s infinite;\n\t&::after {\n\t\tcontent: '';\n    display: block;\n    position: absolute;\n    top: 100%;\n    left: -5px;\n    width: 1px;\n    height: 10px;\n\t\t\n\t\t\/\/ triangle\n    border-top: 10px solid #333;\n    border-left: 5px solid transparent;\n    border-right: 5px solid transparent;\n\t}\n}\n\n@keyframes scroll {\n\t0% {\n\t\theight: 40px;\n\t}\n\t30% {\n\t\theight: 70px;\n\t}\n\t60% {\n\t\theight: 40px;\n\t}\n}\n\n@-webkit-keyframes scroll {\n\t0% {\n\t\theight: 40px;\n\t}\n\t30% {\n\t\theight: 70px;\n\t}\n\t60% {\n\t\theight: 40px;\n\t}\n}\n        \n    <\/style>\n<\/head>\n\n\n<body>\n<div class=\"container\">\n\t<div class=\"field\">\n\t\t<div class=\"mouse\"><\/div>\n\t<\/div>\n<\/div>\n<\/body>\n<\/html>\t\t<\/div>\n\t\t\t\t<\/div>\n\t\t\t\t\t<\/div>\n\t\t\t\t<\/div>\n\t\t<div class=\"elementor-element elementor-element-67e2383 e-con-full e-flex e-con e-parent\" data-id=\"67e2383\" data-element_type=\"container\" data-settings=\"{&quot;background_background&quot;:&quot;classic&quot;,&quot;jet_parallax_layout_list&quot;:[]}\">\n\t\t<div class=\"elementor-element elementor-element-8133e0d e-con-full e-flex e-con e-child\" data-id=\"8133e0d\" data-element_type=\"container\" data-settings=\"{&quot;jet_parallax_layout_list&quot;:[]}\">\n\t\t<div class=\"elementor-element elementor-element-8bc52db e-flex e-con-boxed e-con e-child\" data-id=\"8bc52db\" data-element_type=\"container\" data-settings=\"{&quot;jet_parallax_layout_list&quot;:[]}\">\n\t\t\t\t\t<div class=\"e-con-inner\">\n\t\t<div class=\"elementor-element elementor-element-d73408e e-con-full e-flex e-con e-child\" data-id=\"d73408e\" data-element_type=\"container\" data-settings=\"{&quot;jet_parallax_layout_list&quot;:[]}\">\n\t\t\t\t<div class=\"elementor-element elementor-element-85526bb elementor-align-left elementor-icon-list--layout-traditional elementor-list-item-link-full_width elementor-widget elementor-widget-icon-list\" data-id=\"85526bb\" data-element_type=\"widget\" data-widget_type=\"icon-list.default\">\n\t\t\t\t<div class=\"elementor-widget-container\">\n\t\t\t\t\t<ul class=\"elementor-icon-list-items\">\n\t\t\t\t\t\t\t<li class=\"elementor-icon-list-item\">\n\t\t\t\t\t\t\t\t\t\t\t<span class=\"elementor-icon-list-icon\">\n\t\t\t\t\t\t\t<svg aria-hidden=\"true\" class=\"e-font-icon-svg e-fas-circle\" viewbox=\"0 0 512 512\" xmlns=\"http:\/\/www.w3.org\/2000\/svg\"><path d=\"M256 8C119 8 8 119 8 256s111 248 248 248 248-111 248-248S393 8 256 8z\"><\/path><\/svg>\t\t\t\t\t\t<\/span>\n\t\t\t\t\t\t\t\t\t\t<span class=\"elementor-icon-list-text\">Di chuy\u1ec3n<\/span>\n\t\t\t\t\t\t\t\t\t<\/li>\n\t\t\t\t\t\t<\/ul>\n\t\t\t\t<\/div>\n\t\t\t\t<\/div>\n\t\t\t\t<div class=\"elementor-element elementor-element-48e9d63 elementor-widget-divider--view-line elementor-widget elementor-widget-divider\" data-id=\"48e9d63\" data-element_type=\"widget\" data-widget_type=\"divider.default\">\n\t\t\t\t<div class=\"elementor-widget-container\">\n\t\t\t\t\t<div class=\"elementor-divider\">\n\t\t\t<span class=\"elementor-divider-separator\">\n\t\t\t\t\t\t<\/span>\n\t\t<\/div>\n\t\t\t\t<\/div>\n\t\t\t\t<\/div>\n\t\t\t\t<\/div>\n\t\t<div class=\"elementor-element elementor-element-546c0f3 e-flex e-con-boxed e-con e-child\" data-id=\"546c0f3\" data-element_type=\"container\" data-settings=\"{&quot;jet_parallax_layout_list&quot;:[]}\">\n\t\t\t\t\t<div class=\"e-con-inner\">\n\t\t\t\t<div class=\"elementor-element elementor-element-68f9cae elementor-widget elementor-widget-heading\" data-id=\"68f9cae\" data-element_type=\"widget\" data-widget_type=\"heading.default\">\n\t\t\t\t<div class=\"elementor-widget-container\">\n\t\t\t<h2 class=\"elementor-heading-title elementor-size-default\">D\u1ecbch v\u1ee5 thu\u00ea xe m\u00e1y<\/h2>\t\t<\/div>\n\t\t\t\t<\/div>\n\t\t\t\t<div class=\"elementor-element elementor-element-c69009f elementor-widget elementor-widget-text-editor\" data-id=\"c69009f\" data-element_type=\"widget\" data-widget_type=\"text-editor.default\">\n\t\t\t\t<div class=\"elementor-widget-container\">\n\t\t\t\t\t\t\t<p>D\u1ecbch v\u1ee5 cho thu\u00ea xe m\u00e1y ti\u1ec7n l\u1ee3i, gi\u00e1 c\u1ea3 h\u1ee3p l\u00fd, gi\u00fap b\u1ea1n kh\u00e1m ph\u00e1 m\u1ecdi n\u1ebbo \u0111\u01b0\u1eddng m\u1ed9t c\u00e1ch d\u1ec5 d\u00e0ng v\u00e0 linh ho\u1ea1t.<\/p>\t\t\t\t\t\t<\/div>\n\t\t\t\t<\/div>\n\t\t\t\t\t<\/div>\n\t\t\t\t<\/div>\n\t\t\t\t\t<\/div>\n\t\t\t\t<\/div>\n\t\t<div class=\"elementor-element elementor-element-3515697 e-flex e-con-boxed e-con e-child\" data-id=\"3515697\" data-element_type=\"container\" data-settings=\"{&quot;jet_parallax_layout_list&quot;:[]}\">\n\t\t\t\t\t<div class=\"e-con-inner\">\n\t\t<div class=\"elementor-element elementor-element-cc49be1 e-flex e-con-boxed e-con e-child\" data-id=\"cc49be1\" data-element_type=\"container\" data-settings=\"{&quot;background_background&quot;:&quot;classic&quot;,&quot;jet_parallax_layout_list&quot;:[]}\">\n\t\t\t\t\t<div class=\"e-con-inner\">\n\t\t\t\t<div class=\"elementor-element elementor-element-5cf9f34 content_box elementor-widget elementor-widget-heading\" data-id=\"5cf9f34\" data-element_type=\"widget\" data-widget_type=\"heading.default\">\n\t\t\t\t<div class=\"elementor-widget-container\">\n\t\t\t<h2 class=\"elementor-heading-title elementor-size-default\">Xe m\u00e1y ga t\u1ef1 \u0111\u1ed9ng<\/h2>\t\t<\/div>\n\t\t\t\t<\/div>\n\t\t\t\t<div class=\"elementor-element elementor-element-a4fdc86 content_box elementor-widget elementor-widget-text-editor\" data-id=\"a4fdc86\" data-element_type=\"widget\" data-widget_type=\"text-editor.default\">\n\t\t\t\t<div class=\"elementor-widget-container\">\n\t\t\t\t\t\t\t<p>Xe m\u00e1y Ga: 150.000 vn\u0111\/Nguy\u00ean ng\u00e0y \u2013 100.000 vn\u0111\/ \u00bd ng\u00e0y (Bao g\u1ed3m m\u0169 b\u1ea3o hi\u1ec3m v\u00e0 2 chai n\u01b0\u1edbc su\u1ed1i)<\/p>\t\t\t\t\t\t<\/div>\n\t\t\t\t<\/div>\n\t\t\t\t\t<\/div>\n\t\t\t\t<\/div>\n\t\t<div class=\"elementor-element elementor-element-75c3a82 e-flex e-con-boxed e-con e-child\" data-id=\"75c3a82\" data-element_type=\"container\" data-settings=\"{&quot;background_background&quot;:&quot;classic&quot;,&quot;jet_parallax_layout_list&quot;:[]}\">\n\t\t\t\t\t<div class=\"e-con-inner\">\n\t\t\t\t<div class=\"elementor-element elementor-element-b61cfe3 content_box elementor-widget elementor-widget-heading\" data-id=\"b61cfe3\" data-element_type=\"widget\" data-widget_type=\"heading.default\">\n\t\t\t\t<div class=\"elementor-widget-container\">\n\t\t\t<h2 class=\"elementor-heading-title elementor-size-default\">Xe m\u00e1y s\u1ed1<\/h2>\t\t<\/div>\n\t\t\t\t<\/div>\n\t\t\t\t<div class=\"elementor-element elementor-element-e6e1fc4 content_box elementor-widget elementor-widget-text-editor\" data-id=\"e6e1fc4\" data-element_type=\"widget\" data-widget_type=\"text-editor.default\">\n\t\t\t\t<div class=\"elementor-widget-container\">\n\t\t\t\t\t\t\t<p>Xe m\u00e1y s\u1ed1: 120.000 vn\u0111\/ Nguy\u00ean ng\u00e0y \u2013 100.000 vn\u0111\/ \u00bd ng\u00e0y (Bao g\u1ed3m m\u0169 b\u1ea3o hi\u1ec3m v\u00e0 2 chai n\u01b0\u1edbc su\u1ed1i)<\/p>\t\t\t\t\t\t<\/div>\n\t\t\t\t<\/div>\n\t\t\t\t\t<\/div>\n\t\t\t\t<\/div>\n\t\t\t\t\t<\/div>\n\t\t\t\t<\/div>\n\t\t\t\t<\/div>\n\t\t\t\t<\/div>\n\t\t<div class=\"elementor-element elementor-element-32c3413 e-con-full e-flex e-con e-parent\" data-id=\"32c3413\" data-element_type=\"container\" data-settings=\"{&quot;background_background&quot;:&quot;classic&quot;,&quot;jet_parallax_layout_list&quot;:[]}\">\n\t\t<div class=\"elementor-element elementor-element-6552d0c e-con-full e-flex e-con e-child\" data-id=\"6552d0c\" data-element_type=\"container\" data-settings=\"{&quot;jet_parallax_layout_list&quot;:[]}\">\n\t\t<div class=\"elementor-element elementor-element-857f35c e-flex e-con-boxed e-con e-child\" data-id=\"857f35c\" data-element_type=\"container\" data-settings=\"{&quot;jet_parallax_layout_list&quot;:[]}\">\n\t\t\t\t\t<div class=\"e-con-inner\">\n\t\t<div class=\"elementor-element elementor-element-58284d8 e-con-full e-flex e-con e-child\" data-id=\"58284d8\" data-element_type=\"container\" data-settings=\"{&quot;jet_parallax_layout_list&quot;:[]}\">\n\t\t\t\t<div class=\"elementor-element elementor-element-f6526e5 elementor-align-left elementor-icon-list--layout-traditional elementor-list-item-link-full_width elementor-widget elementor-widget-icon-list\" data-id=\"f6526e5\" data-element_type=\"widget\" data-widget_type=\"icon-list.default\">\n\t\t\t\t<div class=\"elementor-widget-container\">\n\t\t\t\t\t<ul class=\"elementor-icon-list-items\">\n\t\t\t\t\t\t\t<li class=\"elementor-icon-list-item\">\n\t\t\t\t\t\t\t\t\t\t\t<span class=\"elementor-icon-list-icon\">\n\t\t\t\t\t\t\t<svg aria-hidden=\"true\" class=\"e-font-icon-svg e-fas-circle\" viewbox=\"0 0 512 512\" xmlns=\"http:\/\/www.w3.org\/2000\/svg\"><path d=\"M256 8C119 8 8 119 8 256s111 248 248 248 248-111 248-248S393 8 256 8z\"><\/path><\/svg>\t\t\t\t\t\t<\/span>\n\t\t\t\t\t\t\t\t\t\t<span class=\"elementor-icon-list-text\">Di chuy\u1ec3n<\/span>\n\t\t\t\t\t\t\t\t\t<\/li>\n\t\t\t\t\t\t<\/ul>\n\t\t\t\t<\/div>\n\t\t\t\t<\/div>\n\t\t\t\t<div class=\"elementor-element elementor-element-2283031 elementor-widget-divider--view-line elementor-widget elementor-widget-divider\" data-id=\"2283031\" data-element_type=\"widget\" data-widget_type=\"divider.default\">\n\t\t\t\t<div class=\"elementor-widget-container\">\n\t\t\t\t\t<div class=\"elementor-divider\">\n\t\t\t<span class=\"elementor-divider-separator\">\n\t\t\t\t\t\t<\/span>\n\t\t<\/div>\n\t\t\t\t<\/div>\n\t\t\t\t<\/div>\n\t\t\t\t<\/div>\n\t\t<div class=\"elementor-element elementor-element-3d9e63d e-flex e-con-boxed e-con e-child\" data-id=\"3d9e63d\" data-element_type=\"container\" data-settings=\"{&quot;jet_parallax_layout_list&quot;:[]}\">\n\t\t\t\t\t<div class=\"e-con-inner\">\n\t\t\t\t<div class=\"elementor-element elementor-element-4ff322a elementor-widget elementor-widget-heading\" data-id=\"4ff322a\" data-element_type=\"widget\" data-widget_type=\"heading.default\">\n\t\t\t\t<div class=\"elementor-widget-container\">\n\t\t\t<h2 class=\"elementor-heading-title elementor-size-default\">\u0110\u01b0a \u0111\u00f3n s\u00e2n bay<\/h2>\t\t<\/div>\n\t\t\t\t<\/div>\n\t\t\t\t<div class=\"elementor-element elementor-element-3835609 elementor-widget elementor-widget-text-editor\" data-id=\"3835609\" data-element_type=\"widget\" data-widget_type=\"text-editor.default\">\n\t\t\t\t<div class=\"elementor-widget-container\">\n\t\t\t\t\t\t\t<p>D\u1ecbch v\u1ee5 \u0111\u01b0a \u0111\u00f3n s\u00e2n bay an to\u00e0n, nhanh ch\u00f3ng v\u00e0 ti\u1ec7n l\u1ee3i, \u0111\u1ea3m b\u1ea3o h\u00e0nh tr\u00ecnh c\u1ee7a b\u1ea1n tho\u1ea3i m\u00e1i ngay t\u1eeb ph\u00fat \u0111\u1ea7u ti\u00ean.<\/p>\t\t\t\t\t\t<\/div>\n\t\t\t\t<\/div>\n\t\t\t\t\t<\/div>\n\t\t\t\t<\/div>\n\t\t\t\t\t<\/div>\n\t\t\t\t<\/div>\n\t\t<div class=\"elementor-element elementor-element-2b1e40c e-flex e-con-boxed e-con e-child\" data-id=\"2b1e40c\" data-element_type=\"container\" data-settings=\"{&quot;jet_parallax_layout_list&quot;:[]}\">\n\t\t\t\t\t<div class=\"e-con-inner\">\n\t\t<div class=\"elementor-element elementor-element-d181651 e-flex e-con-boxed e-con e-child\" data-id=\"d181651\" data-element_type=\"container\" data-settings=\"{&quot;background_background&quot;:&quot;classic&quot;,&quot;jet_parallax_layout_list&quot;:[]}\">\n\t\t\t\t\t<div class=\"e-con-inner\">\n\t\t\t\t<div class=\"elementor-element elementor-element-655d653 elementor-widget elementor-widget-heading\" data-id=\"655d653\" data-element_type=\"widget\" data-widget_type=\"heading.default\">\n\t\t\t\t<div class=\"elementor-widget-container\">\n\t\t\t<h2 class=\"elementor-heading-title elementor-size-default\">Phu Bai Airport \u2013 Hotel<br>\nHotel \u2013 Phu Bai Airport<\/h2>\t\t<\/div>\n\t\t\t\t<\/div>\n\t\t\t\t<div class=\"elementor-element elementor-element-2d96a73 elementor-widget elementor-widget-text-editor\" data-id=\"2d96a73\" data-element_type=\"widget\" data-widget_type=\"text-editor.default\">\n\t\t\t\t<div class=\"elementor-widget-container\">\n\t\t\t\t\t\t\t<ul><li>Xe 4 ch\u1ed7: 250.000 vn\u0111\/ 1 chi\u1ec1u\u00a0<\/li><li>Xe 7 ch\u1ed7: 280.000 vn\u0111\/ 1 chi\u1ec1u\u00a0<\/li><li>Xe 16 ch\u1ed7: 550.000 vn\u0111\/ 1 chi\u1ec1u\u00a0<\/li><\/ul>\t\t\t\t\t\t<\/div>\n\t\t\t\t<\/div>\n\t\t\t\t\t<\/div>\n\t\t\t\t<\/div>\n\t\t<div class=\"elementor-element elementor-element-07cbaa9 e-flex e-con-boxed e-con e-child\" data-id=\"07cbaa9\" data-element_type=\"container\" data-settings=\"{&quot;background_background&quot;:&quot;classic&quot;,&quot;jet_parallax_layout_list&quot;:[]}\">\n\t\t\t\t\t<div class=\"e-con-inner\">\n\t\t\t\t<div class=\"elementor-element elementor-element-7179bcb elementor-widget elementor-widget-heading\" data-id=\"7179bcb\" data-element_type=\"widget\" data-widget_type=\"heading.default\">\n\t\t\t\t<div class=\"elementor-widget-container\">\n\t\t\t<h2 class=\"elementor-heading-title elementor-size-default\">Da Nang Airport \u2013 Hotel<br>Hotel \u2013 Da Nang Airport<\/h2>\t\t<\/div>\n\t\t\t\t<\/div>\n\t\t\t\t<div class=\"elementor-element elementor-element-cf65a97 elementor-widget elementor-widget-text-editor\" data-id=\"cf65a97\" data-element_type=\"widget\" data-widget_type=\"text-editor.default\">\n\t\t\t\t<div class=\"elementor-widget-container\">\n\t\t\t\t\t\t\t<ul><li>Xe 4 ch\u1ed7: 1.500.000 vn\u0111\/ 1 chi\u1ec1u\u00a0<\/li><li>Xe 7 ch\u1ed7: 1.700.000 vn\u0111\/ 1 chi\u1ec1u\u00a0<\/li><li>Xe 16 ch\u1ed7: 2.200.000 vn\u0111\/ 1 chi\u1ec1u\u00a0<\/li><\/ul>\t\t\t\t\t\t<\/div>\n\t\t\t\t<\/div>\n\t\t\t\t\t<\/div>\n\t\t\t\t<\/div>\n\t\t\t\t\t<\/div>\n\t\t\t\t<\/div>\n\t\t\t\t<\/div>\n\t\t<div class=\"elementor-element elementor-element-61c8055 e-flex e-con-boxed e-con e-child\" data-id=\"61c8055\" data-element_type=\"container\" data-settings=\"{&quot;jet_parallax_layout_list&quot;:[]}\">\n\t\t\t\t\t<div class=\"e-con-inner\">\n\t\t<div class=\"elementor-element elementor-element-d0a1148 e-con-full e-flex e-con e-child\" data-id=\"d0a1148\" data-element_type=\"container\" data-settings=\"{&quot;jet_parallax_layout_list&quot;:[]}\">\n\t\t\t\t<div class=\"elementor-element elementor-element-8b3af1f elementor-widget-divider--view-line elementor-widget elementor-widget-divider\" data-id=\"8b3af1f\" data-element_type=\"widget\" data-widget_type=\"divider.default\">\n\t\t\t\t<div class=\"elementor-widget-container\">\n\t\t\t\t\t<div class=\"elementor-divider\">\n\t\t\t<span class=\"elementor-divider-separator\">\n\t\t\t\t\t\t<\/span>\n\t\t<\/div>\n\t\t\t\t<\/div>\n\t\t\t\t<\/div>\n\t\t\t\t<\/div>\n\t\t<div class=\"elementor-element elementor-element-8a2134d e-flex e-con-boxed e-con e-child\" data-id=\"8a2134d\" data-element_type=\"container\" data-settings=\"{&quot;jet_parallax_layout_list&quot;:[]}\">\n\t\t\t\t\t<div class=\"e-con-inner\">\n\t\t\t\t<div class=\"elementor-element elementor-element-d7d7ffa elementor-widget elementor-widget-text-editor\" data-id=\"d7d7ffa\" data-element_type=\"widget\" data-widget_type=\"text-editor.default\">\n\t\t\t\t<div class=\"elementor-widget-container\">\n\t\t\t\t\t\t\t<p><strong>Xe 4 ch\u1ed7\/ 7 ch\u1ed7\/ 16 ch\u1ed7 tham quan trong th\u00e0nh ph\u1ed1 ho\u1eb7c xe Hu\u1ebf \u0111i \u0110\u00e0 N\u1eb5ng, H\u1ed9i An.<\/strong><\/p><p><strong>Gi\u00e1 s\u1ebd \u0111\u01b0\u1ee3c b\u00e1o theo l\u1ecbch tr\u00ecnh tham quan Kh\u00e1ch y\u00eau c\u1ea7u.<\/strong><\/p>\t\t\t\t\t\t<\/div>\n\t\t\t\t<\/div>\n\t\t\t\t<div class=\"elementor-element elementor-element-5d27320 elementor-widget elementor-widget-text-editor\" data-id=\"5d27320\" data-element_type=\"widget\" data-widget_type=\"text-editor.default\">\n\t\t\t\t<div class=\"elementor-widget-container\">\n\t\t\t\t\t\t\t<p>\u0110\u1ec3 bi\u1ebft th\u00eam th\u00f4ng tin ho\u1eb7c \u0111\u1eb7t ch\u1ed7 xin vui l\u00f2ng li\u00ean h\u1ec7 tr\u1ef1c ti\u1ebfp v\u1edbi ch\u00fang t\u00f4i theo th\u00f4ng tin sau:\u00a0<\/p>\t\t\t\t\t\t<\/div>\n\t\t\t\t<\/div>\n\t\t\t\t<div class=\"elementor-element elementor-element-e1540f8 elementor-align-left elementor-icon-list--layout-traditional elementor-list-item-link-full_width elementor-widget elementor-widget-icon-list\" data-id=\"e1540f8\" data-element_type=\"widget\" data-widget_type=\"icon-list.default\">\n\t\t\t\t<div class=\"elementor-widget-container\">\n\t\t\t\t\t<ul class=\"elementor-icon-list-items\">\n\t\t\t\t\t\t\t<li class=\"elementor-icon-list-item\">\n\t\t\t\t\t\t\t\t\t\t\t<span class=\"elementor-icon-list-icon\">\n\t\t\t\t\t\t\t<svg aria-hidden=\"true\" class=\"e-font-icon-svg e-fas-phone-alt\" viewbox=\"0 0 512 512\" xmlns=\"http:\/\/www.w3.org\/2000\/svg\"><path d=\"M497.39 361.8l-112-48a24 24 0 0 0-28 6.9l-49.6 60.6A370.66 370.66 0 0 1 130.6 204.11l60.6-49.6a23.94 23.94 0 0 0 6.9-28l-48-112A24.16 24.16 0 0 0 122.6.61l-104 24A24 24 0 0 0 0 48c0 256.5 207.9 464 464 464a24 24 0 0 0 23.4-18.6l24-104a24.29 24.29 0 0 0-14.01-27.6z\"><\/path><\/svg>\t\t\t\t\t\t<\/span>\n\t\t\t\t\t\t\t\t\t\t<span class=\"elementor-icon-list-text\">Hotline: 0522 001 199 - 0935 768 499<\/span>\n\t\t\t\t\t\t\t\t\t<\/li>\n\t\t\t\t\t\t\t\t<li class=\"elementor-icon-list-item\">\n\t\t\t\t\t\t\t\t\t\t\t<span class=\"elementor-icon-list-icon\">\n\t\t\t\t\t\t\t<svg aria-hidden=\"true\" class=\"e-font-icon-svg e-fas-phone-square-alt\" viewbox=\"0 0 448 512\" xmlns=\"http:\/\/www.w3.org\/2000\/svg\"><path d=\"M400 32H48A48 48 0 0 0 0 80v352a48 48 0 0 0 48 48h352a48 48 0 0 0 48-48V80a48 48 0 0 0-48-48zm-16.39 307.37l-15 65A15 15 0 0 1 354 416C194 416 64 286.29 64 126a15.7 15.7 0 0 1 11.63-14.61l65-15A18.23 18.23 0 0 1 144 96a16.27 16.27 0 0 1 13.79 9.09l30 70A17.9 17.9 0 0 1 189 181a17 17 0 0 1-5.5 11.61l-37.89 31a231.91 231.91 0 0 0 110.78 110.78l31-37.89A17 17 0 0 1 299 291a17.85 17.85 0 0 1 5.91 1.21l70 30A16.25 16.25 0 0 1 384 336a17.41 17.41 0 0 1-.39 3.37z\"><\/path><\/svg>\t\t\t\t\t\t<\/span>\n\t\t\t\t\t\t\t\t\t\t<span class=\"elementor-icon-list-text\">Telephone: +84 234 2200268<\/span>\n\t\t\t\t\t\t\t\t\t<\/li>\n\t\t\t\t\t\t\t\t<li class=\"elementor-icon-list-item\">\n\t\t\t\t\t\t\t\t\t\t\t<span class=\"elementor-icon-list-icon\">\n\t\t\t\t\t\t\t<svg aria-hidden=\"true\" class=\"e-font-icon-svg e-fas-mail-bulk\" viewbox=\"0 0 576 512\" xmlns=\"http:\/\/www.w3.org\/2000\/svg\"><path d=\"M160 448c-25.6 0-51.2-22.4-64-32-64-44.8-83.2-60.8-96-70.4V480c0 17.67 14.33 32 32 32h256c17.67 0 32-14.33 32-32V345.6c-12.8 9.6-32 25.6-96 70.4-12.8 9.6-38.4 32-64 32zm128-192H32c-17.67 0-32 14.33-32 32v16c25.6 19.2 22.4 19.2 115.2 86.4 9.6 6.4 28.8 25.6 44.8 25.6s35.2-19.2 44.8-22.4c92.8-67.2 89.6-67.2 115.2-86.4V288c0-17.67-14.33-32-32-32zm256-96H224c-17.67 0-32 14.33-32 32v32h96c33.21 0 60.59 25.42 63.71 57.82l.29-.22V416h192c17.67 0 32-14.33 32-32V192c0-17.67-14.33-32-32-32zm-32 128h-64v-64h64v64zm-352-96c0-35.29 28.71-64 64-64h224V32c0-17.67-14.33-32-32-32H96C78.33 0 64 14.33 64 32v192h96v-32z\"><\/path><\/svg>\t\t\t\t\t\t<\/span>\n\t\t\t\t\t\t\t\t\t\t<span class=\"elementor-icon-list-text\">Email: info@edenhuehotel.com<\/span>\n\t\t\t\t\t\t\t\t\t<\/li>\n\t\t\t\t\t\t<\/ul>\n\t\t\t\t<\/div>\n\t\t\t\t<\/div>\n\t\t\t\t<div class=\"elementor-element elementor-element-175a25c elementor-widget elementor-widget-button\" data-id=\"175a25c\" data-element_type=\"widget\" data-widget_type=\"button.default\">\n\t\t\t\t<div class=\"elementor-widget-container\">\n\t\t\t\t\t<div class=\"elementor-button-wrapper\">\n\t\t\t<a class=\"elementor-button elementor-button-link elementor-size-sm\" href=\"#\">\n\t\t\t\t\t\t<span class=\"elementor-button-content-wrapper\">\n\t\t\t\t\t\t\t\t\t<span class=\"elementor-button-text\">NH\u1eacN T\u01af V\u1ea4N NGAY<\/span>\n\t\t\t\t\t<\/span>\n\t\t\t\t\t<\/a>\n\t\t<\/div>\n\t\t\t\t<\/div>\n\t\t\t\t<\/div>\n\t\t\t\t\t<\/div>\n\t\t\t\t<\/div>\n\t\t\t\t\t<\/div>\n\t\t\t\t<\/div>\n\t\t\t\t<\/div>\n\t\t<div class=\"elementor-element elementor-element-0f8e34e e-flex e-con-boxed e-con e-parent\" data-id=\"0f8e34e\" data-element_type=\"container\" data-settings=\"{&quot;jet_parallax_layout_list&quot;:[]}\">\n\t\t\t\t\t<div class=\"e-con-inner\">\n\t\t\t\t\t<\/div>\n\t\t\t\t<\/div>\n\t\t\t\t<\/div>","protected":false},"excerpt":{"rendered":"<p>Eden Hue Hotel Transportation Transportation Motobike Rental\u200b Convenient motorbike rental service at affordable prices, helping you explore every route with ease and flexibility. Automatic Motorbike Vnd 150.000\/ Fullday \u2013 vnd 100.000\/Half-day (including Helmet &amp; 2 bottles of water) Gear Motorbike Vnd 120.000\/ Fullday \u2013 vnd 100.000\/ Half-day (including Helmet &amp; 2 bottles of water) Transportation [&hellip;]<\/p>","protected":false},"author":1,"featured_media":0,"parent":0,"menu_order":0,"comment_status":"closed","ping_status":"closed","template":"","meta":{"footnotes":""},"class_list":["post-2220","page","type-page","status-publish","hentry"],"_links":{"self":[{"href":"https:\/\/edenhuehotel.com\/vi\/wp-json\/wp\/v2\/pages\/2220","targetHints":{"allow":["GET"]}}],"collection":[{"href":"https:\/\/edenhuehotel.com\/vi\/wp-json\/wp\/v2\/pages"}],"about":[{"href":"https:\/\/edenhuehotel.com\/vi\/wp-json\/wp\/v2\/types\/page"}],"author":[{"embeddable":true,"href":"https:\/\/edenhuehotel.com\/vi\/wp-json\/wp\/v2\/users\/1"}],"replies":[{"embeddable":true,"href":"https:\/\/edenhuehotel.com\/vi\/wp-json\/wp\/v2\/comments?post=2220"}],"version-history":[{"count":112,"href":"https:\/\/edenhuehotel.com\/vi\/wp-json\/wp\/v2\/pages\/2220\/revisions"}],"predecessor-version":[{"id":3212,"href":"https:\/\/edenhuehotel.com\/vi\/wp-json\/wp\/v2\/pages\/2220\/revisions\/3212"}],"wp:attachment":[{"href":"https:\/\/edenhuehotel.com\/vi\/wp-json\/wp\/v2\/media?parent=2220"}],"curies":[{"name":"wp","href":"https:\/\/api.w.org\/{rel}","templated":true}]}}